{"id":222,"date":"2008-05-26T14:16:38","date_gmt":"2008-05-26T14:16:38","guid":{"rendered":"http:\/\/baumeaucoeur.wordpress.com\/?page_id=222"},"modified":"2012-01-16T20:22:52","modified_gmt":"2012-01-16T18:22:52","slug":"mention-legale","status":"publish","type":"page","link":"https:\/\/www.faitesmaison.com\/index.php\/mention-legale\/","title":{"rendered":"Mention l\u00e9gale"},"content":{"rendered":"<p>Article L111-1<br \/>\n&#8220;L&#8217;auteur d&#8217;une \u0153uvre de l&#8217;esprit jouit sur cette \u0153uvre, du seul fait de sa cr\u00e9ation, d&#8217;un droit de propri\u00e9t\u00e9 incorporelle exclusif et opposable \u00e0 tous. Ce droit comporte des attributs d&#8217;ordre intellectuel et moral ainsi que des attributs d&#8217;ordre patrimonial, qui sont d\u00e9termin\u00e9s par les livres Ier et III du pr\u00e9sent code.&#8221;<\/p>\n<p>Les photos tir\u00e9 de ce blog sont prise par Vidal Marie-Jo\u00eble et tir\u00e9 de <a title=\"Getty images\" href=\"http:\/\/www.gettyimages.com\" target=\"_blank\">Getty Images<\/a>.<\/p>\n<p><strong>Le graphisme,\u00a0 les articles, les recettes <\/strong><strong>et certaines photos<\/strong> <span style=\"text-decoration: underline;\">sont la propri\u00e9t\u00e9 de <strong>Graphartis\u2122<\/strong><\/span> et prot\u00e9g\u00e9 par un copyright (droit d&#8217;auteur), toute reproduction et utilisation sans consentement est interdite.<\/p>\n<p><span style=\"color: #99cc00;\"><strong>Si vous d\u00e9sirez afficher une de mes recettes, pas de souci mais il est gentil de mentionner d&#8217;o\u00f9 elle vient&#8230; mettez un petit lien vers mon site, merci. \ud83d\ude42<br \/>\n<\/strong><\/span><\/p>\n","protected":false},"excerpt":{"rendered":"<p>Article L111-1 &#8220;L&#8217;auteur d&#8217;une \u0153uvre de l&#8217;esprit jouit sur cette \u0153uvre, du seul fait de sa cr\u00e9ation, d&#8217;un droit de propri\u00e9t\u00e9 incorporelle exclusif et opposable \u00e0 tous. Ce droit comporte des attributs d&#8217;ordre intellectuel et moral ainsi que des attributs d&#8217;ordre patrimonial, qui sont d\u00e9termin\u00e9s par les livres Ier et III du pr\u00e9sent code.&#8221; Les photos tir\u00e9 de ce blog sont prise par Vidal Marie-Jo\u00eble et tir\u00e9 de Getty Images. Le graphisme,\u00a0 les articles, les recettes et certaines photos sont la propri\u00e9t\u00e9 de Graphartis\u2122 et prot\u00e9g\u00e9 par un copyright (droit d&#8217;auteur), toute reproduction et utilisation sans consentement est interdite. Si vous d\u00e9sirez afficher une de mes recettes, pas de souci mais il est gentil de mentionner d&#8217;o\u00f9 elle vient&#8230; mettez un petit lien vers mon site, merci. \ud83d\ude42<\/p>\n","protected":false},"author":1,"featured_media":0,"parent":0,"menu_order":4,"comment_status":"closed","ping_status":"closed","template":"","meta":{"footnotes":""},"class_list":["post-222","page","type-page","status-publish","hentry"],"jetpack_shortlink":"https:\/\/wp.me\/P1OJAS-3A","jetpack_sharing_enabled":true,"_links":{"self":[{"href":"https:\/\/www.faitesmaison.com\/index.php\/wp-json\/wp\/v2\/pages\/222","targetHints":{"allow":["GET"]}}],"collection":[{"href":"https:\/\/www.faitesmaison.com\/index.php\/wp-json\/wp\/v2\/pages"}],"about":[{"href":"https:\/\/www.faitesmaison.com\/index.php\/wp-json\/wp\/v2\/types\/page"}],"author":[{"embeddable":true,"href":"https:\/\/www.faitesmaison.com\/index.php\/wp-json\/wp\/v2\/users\/1"}],"replies":[{"embeddable":true,"href":"https:\/\/www.faitesmaison.com\/index.php\/wp-json\/wp\/v2\/comments?post=222"}],"version-history":[{"count":0,"href":"https:\/\/www.faitesmaison.com\/index.php\/wp-json\/wp\/v2\/pages\/222\/revisions"}],"wp:attachment":[{"href":"https:\/\/www.faitesmaison.com\/index.php\/wp-json\/wp\/v2\/media?parent=222"}],"curies":[{"name":"wp","href":"https:\/\/api.w.org\/{rel}","templated":true}]}}