{"id":213,"date":"2009-08-27T02:26:22","date_gmt":"2009-08-27T07:26:22","guid":{"rendered":"http:\/\/www.mjr-design.com\/Baumeaucoeur\/?page_id=213"},"modified":"2018-11-21T19:35:34","modified_gmt":"2018-11-21T17:35:34","slug":"contact","status":"publish","type":"page","link":"https:\/\/www.faitesmaison.com\/index.php\/contact\/","title":{"rendered":"Contact"},"content":{"rendered":"<div id=\"primary\">\n<div>\n<div>\n<div>\n<div>\n<div>\n<p><img loading=\"lazy\" decoding=\"async\" class=\" size-full wp-image-7009 alignleft\" src=\"http:\/\/www.faitesmaison.com\/wp-content\/uploads\/2009\/08\/moisite.jpg\" alt=\"moisite\" width=\"250\" height=\"250\" srcset=\"https:\/\/www.faitesmaison.com\/wp-content\/uploads\/2009\/08\/moisite.jpg 250w, https:\/\/www.faitesmaison.com\/wp-content\/uploads\/2009\/08\/moisite-150x150.jpg 150w\" sizes=\"auto, (max-width: 250px) 100vw, 250px\" \/>Bonjour, ce site existe depuis 2006, pour vous encourager\u00a0 \u00e0 la confection de vos propres produits, m\u00e9nager, cosm\u00e9tiques, d\u00e9corations, cuisine, couture et bien d&#8217;autres.<\/p>\n<p>Avec la conjoncture actuelle tout devient plus cher et malheureusement les revenus eux n&#8217;augmente pas.\u00a0 Les gens se privent et \u00e0 force deviennent frustr\u00e9s.\u00a0 Ici vous verrez qu&#8217;avec un peu de patience on peut tr\u00e8s bien confectionner nos produits quotidiens nous m\u00eames et faire de grandes \u00e9conomies.\u00a0 Ce qui laisse place \u00e0 un peu plus d&#8217;argent pour\u00a0 nous divertir.<\/p>\n<p>J\u2019esp\u00e8re que ce site vous donnera un peu d\u2019inspiration et que vous y trouverez des informations int\u00e9ressantes et utiles ! A bient\u00f4t !<\/p>\n<\/div>\n<\/div>\n<p><span style=\"color: #ff0000;\"><strong><br \/>\n<span style=\"color: #808000;\">Sachez que je ne vends pas de produits moi m\u00eame, ce blog existe \u00e0 titre informatif uniquement. <\/span><\/strong><span style=\"text-decoration: underline; color: #808000;\"><strong><br \/>\nDe plus, vendre des produits cosm\u00e9tique fait maison est ill\u00e9gal ce n&#8217;est donc pas la peine de me demander\u00a0 ;-).<\/strong><\/span><\/span><\/p>\n<div class=\"wpforms-container wpforms-container-full\" id=\"wpforms-7117\"><form id=\"wpforms-form-7117\" class=\"wpforms-validate wpforms-form\" data-formid=\"7117\" method=\"post\" enctype=\"multipart\/form-data\" action=\"\/index.php\/wp-json\/wp\/v2\/pages\/213\" data-token=\"c95afba981089489c9d751c7babddb34\" data-token-time=\"1777747139\"><noscript class=\"wpforms-error-noscript\">Please enable JavaScript in your browser to complete this form.<\/noscript><div class=\"wpforms-field-container\"><div id=\"wpforms-7117-field_0-container\" class=\"wpforms-field wpforms-field-name\" data-field-id=\"0\"><label class=\"wpforms-field-label\">Nom <span class=\"wpforms-required-label\">*<\/span><\/label><div class=\"wpforms-field-row wpforms-field-medium\"><div class=\"wpforms-field-row-block wpforms-first wpforms-one-half\"><input type=\"text\" id=\"wpforms-7117-field_0\" class=\"wpforms-field-name-first wpforms-field-required\" name=\"wpforms[fields][0][first]\" required><label for=\"wpforms-7117-field_0\" class=\"wpforms-field-sublabel after\">First<\/label><\/div><div class=\"wpforms-field-row-block wpforms-one-half\"><input type=\"text\" id=\"wpforms-7117-field_0-last\" class=\"wpforms-field-name-last wpforms-field-required\" name=\"wpforms[fields][0][last]\" required><label for=\"wpforms-7117-field_0-last\" class=\"wpforms-field-sublabel after\">Last<\/label><\/div><\/div><\/div><div id=\"wpforms-7117-field_1-container\" class=\"wpforms-field wpforms-field-email\" data-field-id=\"1\"><label class=\"wpforms-field-label\" for=\"wpforms-7117-field_1\">Adresse de contact <span class=\"wpforms-required-label\">*<\/span><\/label><input type=\"email\" id=\"wpforms-7117-field_1\" class=\"wpforms-field-medium wpforms-field-required\" name=\"wpforms[fields][1]\" spellcheck=\"false\" required><\/div><div id=\"wpforms-7117-field_2-container\" class=\"wpforms-field wpforms-field-textarea\" data-field-id=\"2\"><label class=\"wpforms-field-label\" for=\"wpforms-7117-field_2\">Message <span class=\"wpforms-required-label\">*<\/span><\/label><textarea id=\"wpforms-7117-field_2\" class=\"wpforms-field-medium wpforms-field-required\" name=\"wpforms[fields][2]\" required><\/textarea><\/div><\/div><!-- .wpforms-field-container --><div class=\"wpforms-field wpforms-field-hp\"><label for=\"wpforms-7117-field-hp\" class=\"wpforms-field-label\">Comment<\/label><input type=\"text\" name=\"wpforms[hp]\" id=\"wpforms-7117-field-hp\" class=\"wpforms-field-medium\"><\/div><div class=\"wpforms-recaptcha-container wpforms-is-recaptcha wpforms-is-recaptcha-type-v2\" ><div class=\"g-recaptcha\" data-sitekey=\"6LcfTnwUAAAAAJpyaqUPnXrd5ICVnaElUbC-pFnM\"><\/div><input type=\"text\" name=\"g-recaptcha-hidden\" class=\"wpforms-recaptcha-hidden\" style=\"position:absolute!important;clip:rect(0,0,0,0)!important;height:1px!important;width:1px!important;border:0!important;overflow:hidden!important;padding:0!important;margin:0!important;\" data-rule-recaptcha=\"1\"><\/div><div class=\"wpforms-submit-container\" ><input type=\"hidden\" name=\"wpforms[id]\" value=\"7117\"><input type=\"hidden\" name=\"page_title\" value=\"\"><input type=\"hidden\" name=\"page_url\" value=\"https:\/\/www.faitesmaison.com\/index.php\/wp-json\/wp\/v2\/pages\/213\"><input type=\"hidden\" name=\"url_referer\" value=\"\"><button type=\"submit\" name=\"wpforms[submit]\" id=\"wpforms-submit-7117\" class=\"wpforms-submit\" data-alt-text=\"Sending...\" data-submit-text=\"Envoyer\" aria-live=\"assertive\" value=\"wpforms-submit\">Envoyer<\/button><\/div><\/form><\/div>  <!-- .wpforms-container -->\n<\/div>\n<\/div>\n<\/div>\n<\/div>\n","protected":false},"excerpt":{"rendered":"<p>Bonjour, ce site existe depuis 2006, pour vous encourager\u00a0 \u00e0 la confection de vos propres produits, m\u00e9nager, cosm\u00e9tiques, d\u00e9corations, cuisine, couture et bien d&#8217;autres. Avec la conjoncture actuelle tout devient plus cher et malheureusement les revenus eux n&#8217;augmente pas.\u00a0 Les gens se privent et \u00e0 force deviennent frustr\u00e9s.\u00a0 Ici vous verrez qu&#8217;avec un peu de patience on peut tr\u00e8s bien confectionner nos produits quotidiens nous m\u00eames et faire de grandes \u00e9conomies.\u00a0 Ce qui laisse place \u00e0 un peu plus d&#8217;argent pour\u00a0 nous divertir. J\u2019esp\u00e8re que ce site vous donnera un peu d\u2019inspiration et que vous y trouverez des informations int\u00e9ressantes et utiles ! A bient\u00f4t ! Sachez que je ne vends pas de produits moi m\u00eame, ce blog existe \u00e0 titre informatif uniquement. De plus, vendre des produits cosm\u00e9tique fait maison est ill\u00e9gal ce n&#8217;est donc pas la peine de me demander\u00a0 ;-).<\/p>\n","protected":false},"author":1,"featured_media":0,"parent":0,"menu_order":0,"comment_status":"open","ping_status":"open","template":"","meta":{"footnotes":""},"class_list":["post-213","page","type-page","status-publish","hentry"],"jetpack_shortlink":"https:\/\/wp.me\/P1OJAS-3r","jetpack_sharing_enabled":false,"_links":{"self":[{"href":"https:\/\/www.faitesmaison.com\/index.php\/wp-json\/wp\/v2\/pages\/213","targetHints":{"allow":["GET"]}}],"collection":[{"href":"https:\/\/www.faitesmaison.com\/index.php\/wp-json\/wp\/v2\/pages"}],"about":[{"href":"https:\/\/www.faitesmaison.com\/index.php\/wp-json\/wp\/v2\/types\/page"}],"author":[{"embeddable":true,"href":"https:\/\/www.faitesmaison.com\/index.php\/wp-json\/wp\/v2\/users\/1"}],"replies":[{"embeddable":true,"href":"https:\/\/www.faitesmaison.com\/index.php\/wp-json\/wp\/v2\/comments?post=213"}],"version-history":[{"count":0,"href":"https:\/\/www.faitesmaison.com\/index.php\/wp-json\/wp\/v2\/pages\/213\/revisions"}],"wp:attachment":[{"href":"https:\/\/www.faitesmaison.com\/index.php\/wp-json\/wp\/v2\/media?parent=213"}],"curies":[{"name":"wp","href":"https:\/\/api.w.org\/{rel}","templated":true}]}}